{"id":1228,"date":"2020-08-05T09:25:40","date_gmt":"2020-08-05T09:25:40","guid":{"rendered":"https:\/\/www.feministtahayyul.com\/?page_id=1228"},"modified":"2024-04-01T09:20:25","modified_gmt":"2024-04-01T09:20:25","slug":"yazi-kurulu","status":"publish","type":"page","link":"https:\/\/www.feministtahayyul.com\/?page_id=1228","title":{"rendered":"Biz Kimiz"},"content":{"rendered":"\n<p><strong>Edit\u00f6rler<\/strong><\/p>\n\n\n\n<p>Emine Erdo\u011fan&nbsp;<em>Giresun \u00dcniversitesi<\/em>, Giresun, T\u00fcrkiye<\/p>\n\n\n\n<p>Demet G\u00fcl\u00e7i\u00e7ek&nbsp;<em>Warwick \u00dcniversitesi<\/em>, Coventry, Birle\u015fik Krall\u0131k<\/p>\n\n\n\n<p><strong>Yay\u0131n Kurulu<\/strong><\/p>\n\n\n\n<p>Atilla Barut\u00e7u\u00a0<em>Zonguldak B\u00fclent Ecevit \u00dcniversitesi<\/em>, Zonguldak, T\u00fcrkiye<\/p>\n\n\n\n<p>Dijan \u00d6zkurt&nbsp;<em>Karamano\u011flu Mehmetbey \u00dcniversitesi<\/em>, Karaman, T\u00fcrkiye<\/p>\n\n\n\n<p>Ezgi Burgan&nbsp;<em>Mu\u011fla S\u0131tk\u0131 Ko\u00e7man \u00dcniversitesi<\/em>, Mu\u011fla, T\u00fcrkiye<\/p>\n\n\n\n<p>G\u00fcler Cansu A\u011f\u00f6ren&nbsp;<em>Ankara Y\u0131ld\u0131r\u0131m Beyaz\u0131t \u00dcniversitesi<\/em>, Ankara, T\u00fcrkiye<\/p>\n\n\n\n<p>Nehir G\u00fcndo\u011fdu&nbsp;<em>Kilis 7 Aral\u0131k \u00dcniversitesi<\/em>, Kilis, T\u00fcrkiye<\/p>\n\n\n\n<p>\u00d6zge \u00d6zdemir&nbsp;<em>Hacettepe \u00dcniversitesi<\/em>, Ankara, T\u00fcrkiye<\/p>\n\n\n\n<p>\u00d6zlem G\u00fc\u00e7l\u00fc&nbsp;<em>Mimar Sinan G\u00fczel Sanatlar \u00dcniversitesi<\/em>, \u0130stanbul, T\u00fcrkiye<\/p>\n\n\n\n<p>Sevcan Tiftik&nbsp;<em><meta charset=\"utf-8\"><em>Mimar Sinan G\u00fczel Sanatlar \u00dcniversitesi<\/em><\/em><meta charset=\"utf-8\">, \u0130stanbul, T\u00fcrkiye<\/p>\n\n\n\n<p>Sibel Yard\u0131mc\u0131&nbsp;<em>Mimar Sinan G\u00fczel Sanatlar \u00dcniversitesi<\/em><meta charset=\"utf-8\">, \u0130stanbul, T\u00fcrkiye<\/p>\n\n\n\n<p>Yonca Cing\u00f6z&nbsp;<em>Mimar Sinan G\u00fczel Sanatlar \u00dcniversitesi<\/em><meta charset=\"utf-8\">, \u0130stanbul, T\u00fcrkiye<\/p>\n\n\n\n<p><strong>Dan\u0131\u015fma Kurulu<\/strong><\/p>\n\n\n\n<p>Aksu Bora<em>, Hacettepe \u00dcniversitesi, Ankara, T\u00fcrkiye, Emekli<\/em><\/p>\n\n\n\n<p>Alev \u00d6zkazan\u00e7, <em>Ankara \u00dcniversitesi, Ankara, T\u00fcrkiye, Emekli<\/em><\/p>\n\n\n\n<p>Ba\u015fak Tu\u011f, <em>\u0130stanbul Bilgi \u00dcniversitesi, \u0130stanbul, T\u00fcrkiye<\/em><\/p>\n\n\n\n<p>Funda \u015eenol Cantek, <em>Ankara, T\u00fcrkiye, Ba\u011f\u0131ms\u0131z Ara\u015ft\u0131rmac\u0131<\/em><\/p>\n\n\n\n<p>G\u00fclhan Balsoy, <em>\u0130stanbul Bilgi \u00dcniversitesi, \u0130stanbul, T\u00fcrkiye<\/em><\/p>\n\n\n\n<p>Haktan Ural,<em> Ankara \u00dcniversitesi, Ankara, T\u00fcrkiye<\/em><\/p>\n\n\n\n<p>\u0130dil Engindeniz, <em>Galatasaray \u00dcniversitesi, \u0130stanbul, T\u00fcrkiye<\/em><\/p>\n\n\n\n<p>\u0130rem \u0130nceo\u011flu, <em>Kadir Has \u00dcniversitesi, \u0130stanbul, T\u00fcrkiye<\/em><\/p>\n\n\n\n<p>Joan W. Scott,  <em>University of Princeton, New Jersey, Amerika Birle\u015fik Devletleri<\/em>, <em>Emekli<\/em><\/p>\n\n\n\n<p>Maria do Mar Pereira, <em>University of Warwick<\/em>, <em>Coventry<\/em>, <em>Birle\u015fik Krall\u0131k<\/em><\/p>\n\n\n\n<p>Mia Liinason, <em>University of Lund,<\/em> <em>Lund,<\/em> <em>\u0130sve\u00e7<\/em><\/p>\n\n\n\n<p>Nickie Charles, <em>University of Warwick, <meta charset=\"utf-8\"><em>Coventry<\/em>, Birle\u015fik Krall\u0131k<\/em><\/p>\n\n\n\n<p>Serpil \u00c7ak\u0131r, <em>\u0130stanbul \u00dcniversitesi, \u0130stanbul, T\u00fcrkiye<\/em><\/p>\n\n\n\n<p>Serpil Sancar, <meta charset=\"utf-8\"><em>Ankara \u00dcniversitesi<\/em>, <meta charset=\"utf-8\"><em>Ankara<\/em>, <em>T\u00fcrkiye<\/em><\/p>\n\n\n\n<p><strong>Dil Edit\u00f6r\u00fc<\/strong><\/p>\n\n\n\n<p>Naz H\u0131d\u0131r, <meta charset=\"utf-8\"><em>Ankara \u00dcniversitesi<\/em>, <meta charset=\"utf-8\"><em>Ankara<\/em>, <em>T\u00fcrkiye<\/em><\/p>\n\n\n\n<p><strong>Tasar\u0131m ve Foto\u011fraf<\/strong><\/p>\n\n\n\n<p>Esra Erdo\u011fan<em>&nbsp;Tasar\u0131m<\/em><\/p>\n\n\n\n<p>Dino Jaku\u0161i\u0107 <em>Dizgi<\/em><\/p>\n\n\n\n<p><strong>Yay\u0131mc\u0131<\/strong><\/p>\n\n\n\n<p>Emine Erdo\u011fan \u00c7inaz<\/p>\n","protected":false},"excerpt":{"rendered":"<p>Edit\u00f6rler Emine Erdo\u011fan&nbsp;Giresun \u00dcniversitesi, Giresun, T\u00fcrkiye Demet G\u00fcl\u00e7i\u00e7ek&nbsp;Warwick \u00dcniversitesi, Coventry, Birle\u015fik Krall\u0131k Yay\u0131n Kurulu Atilla Barut\u00e7u\u00a0Zonguldak B\u00fclent Ecevit \u00dcniversitesi, Zonguldak, T\u00fcrkiye Dijan \u00d6zkurt&nbsp;Karamano\u011flu Mehmetbey \u00dcniversitesi, &hellip; <\/p>\n","protected":false},"author":1,"featured_media":0,"parent":0,"menu_order":3,"comment_status":"closed","ping_status":"closed","template":"","meta":{"footnotes":""},"class_list":["post-1228","page","type-page","status-publish","hentry"],"jetpack_sharing_enabled":true,"_links":{"self":[{"href":"https:\/\/www.feministtahayyul.com\/index.php?rest_route=\/wp\/v2\/pages\/1228","targetHints":{"allow":["GET"]}}],"collection":[{"href":"https:\/\/www.feministtahayyul.com\/index.php?rest_route=\/wp\/v2\/pages"}],"about":[{"href":"https:\/\/www.feministtahayyul.com\/index.php?rest_route=\/wp\/v2\/types\/page"}],"author":[{"embeddable":true,"href":"https:\/\/www.feministtahayyul.com\/index.php?rest_route=\/wp\/v2\/users\/1"}],"replies":[{"embeddable":true,"href":"https:\/\/www.feministtahayyul.com\/index.php?rest_route=%2Fwp%2Fv2%2Fcomments&post=1228"}],"version-history":[{"count":16,"href":"https:\/\/www.feministtahayyul.com\/index.php?rest_route=\/wp\/v2\/pages\/1228\/revisions"}],"predecessor-version":[{"id":2747,"href":"https:\/\/www.feministtahayyul.com\/index.php?rest_route=\/wp\/v2\/pages\/1228\/revisions\/2747"}],"wp:attachment":[{"href":"https:\/\/www.feministtahayyul.com\/index.php?rest_route=%2Fwp%2Fv2%2Fmedia&parent=1228"}],"curies":[{"name":"wp","href":"https:\/\/api.w.org\/{rel}","templated":true}]}}