{"id":2514,"date":"2023-02-27T13:58:55","date_gmt":"2023-02-27T13:58:55","guid":{"rendered":"https:\/\/www.feministtahayyul.com\/?page_id=2514"},"modified":"2023-03-01T13:54:30","modified_gmt":"2023-03-01T13:54:30","slug":"8-serpil-sancar-ile-soylesi-turkiyede-politiklesemeyen-bir-alan-olarak-erkeklik-calismalari-atilla-barutcu","status":"publish","type":"page","link":"https:\/\/www.feministtahayyul.com\/?page_id=2514","title":{"rendered":"8.Jeff Hearn ile S\u00f6yle\u015fi: Erkekler ve Erkeklikler \u00dczerine G\u00fcncel Tart\u0131\u015fmalar"},"content":{"rendered":"<a href=\"https:\/\/www.feministtahayyul.com\/wp-content\/uploads\/2023\/03\/FT41_7.so\u0308yles\u0327i1_K.pdf\" class=\"pdfemb-viewer\" style=\"\" data-width=\"max\" data-height=\"max\" data-toolbar=\"bottom\" data-toolbar-fixed=\"on\">FT41_7.so\u0308yles\u0327i1_K<\/a>\n<p class=\"wp-block-pdfemb-pdf-embedder-viewer\"><\/p>\n\n\n\n<div class=\"wp-block-buttons is-layout-flex wp-block-buttons-is-layout-flex\">\n<div class=\"wp-block-button\"><a class=\"wp-block-button__link\" href=\"https:\/\/www.feministtahayyul.com\/wp-content\/uploads\/2023\/03\/FT41_7.so\u0308yles\u0327i1_K.pdf\" target=\"_blank\" rel=\"noreferrer noopener\">\u0130ndir<\/a><\/div>\n<\/div>\n","protected":false},"excerpt":{"rendered":"","protected":false},"author":1,"featured_media":0,"parent":2466,"menu_order":8,"comment_status":"closed","ping_status":"closed","template":"","meta":{"footnotes":""},"class_list":["post-2514","page","type-page","status-publish","hentry"],"jetpack_sharing_enabled":true,"_links":{"self":[{"href":"https:\/\/www.feministtahayyul.com\/index.php?rest_route=\/wp\/v2\/pages\/2514","targetHints":{"allow":["GET"]}}],"collection":[{"href":"https:\/\/www.feministtahayyul.com\/index.php?rest_route=\/wp\/v2\/pages"}],"about":[{"href":"https:\/\/www.feministtahayyul.com\/index.php?rest_route=\/wp\/v2\/types\/page"}],"author":[{"embeddable":true,"href":"https:\/\/www.feministtahayyul.com\/index.php?rest_route=\/wp\/v2\/users\/1"}],"replies":[{"embeddable":true,"href":"https:\/\/www.feministtahayyul.com\/index.php?rest_route=%2Fwp%2Fv2%2Fcomments&post=2514"}],"version-history":[{"count":3,"href":"https:\/\/www.feministtahayyul.com\/index.php?rest_route=\/wp\/v2\/pages\/2514\/revisions"}],"predecessor-version":[{"id":2551,"href":"https:\/\/www.feministtahayyul.com\/index.php?rest_route=\/wp\/v2\/pages\/2514\/revisions\/2551"}],"up":[{"embeddable":true,"href":"https:\/\/www.feministtahayyul.com\/index.php?rest_route=\/wp\/v2\/pages\/2466"}],"wp:attachment":[{"href":"https:\/\/www.feministtahayyul.com\/index.php?rest_route=%2Fwp%2Fv2%2Fmedia&parent=2514"}],"curies":[{"name":"wp","href":"https:\/\/api.w.org\/{rel}","templated":true}]}}