{"id":862,"date":"2020-07-21T10:19:34","date_gmt":"2020-07-21T10:19:34","guid":{"rendered":"https:\/\/www.feministtahayyul.com\/?page_id=862"},"modified":"2025-09-12T14:05:48","modified_gmt":"2025-09-12T14:05:48","slug":"yazar-yonergesi-2","status":"publish","type":"page","link":"https:\/\/www.feministtahayyul.com\/?page_id=862","title":{"rendered":"Yazar Y\u00f6nergesi"},"content":{"rendered":"\n<h4 class=\"wp-block-heading\" id=\"yayin-politikasi\"><a href=\"#yayin-politikasi\"><strong>Yay\u0131n Politikas\u0131<\/strong><\/a><\/h4>\n\n\n\n<p><strong>Yaz\u0131 T\u00fcrleri<\/strong><\/p>\n\n\n\n<p>Feminist Tahayy\u00fcl\u2019e makale, ara\u015ft\u0131rma notu, sanat, kitap de\u011ferlendirmesi ve tez tan\u0131t\u0131m\u0131 kategorilerine yaz\u0131lar\u0131n\u0131z\u0131 g\u00f6nderebilirsiniz.<\/p>\n\n\n\n<ol class=\"wp-block-list\">\n<li><strong>Makale:<\/strong>\u00a0Bu b\u00f6l\u00fcme g\u00f6nderilecek \u00f6zg\u00fcn ara\u015ft\u0131rmadan t\u00fcretilmi\u015f olan yaz\u0131lar\u0131n kaynak\u00e7a ve dipnotlarla birlikte 6000- 8000 kelime aras\u0131nda olmas\u0131 gerekir. Edit\u00f6rlerin onaylad\u0131\u011f\u0131 durumlarda kelime s\u0131n\u0131r\u0131 %10 a\u015fa\u011f\u0131 ya da yukar\u0131 s\u0131n\u0131rlarda olabilir. Makale en fazla 150 kelimelik hem T\u00fcrk\u00e7e hem \u0130ngilizce yaz\u0131lm\u0131\u015f bir \u00f6z b\u00f6l\u00fcm\u00fc ve en az 5 adet anahtar kelime i\u00e7ermelidir. <\/li>\n\n\n\n<li><strong>Ara\u015ft\u0131rma Notu:<\/strong>\u00a0Yazarlar\u0131n -teorik ve\/ya ampirik- ara\u015ft\u0131rma s\u00fcrecinin kendisini analiz ettikleri yaz\u0131lardan olu\u015fan bu b\u00f6l\u00fcm, 2000-3000 kelime aras\u0131ndaki yaz\u0131lar\u0131 kabul eder. Yaz\u0131lar makaleden farkl\u0131 olarak spesifik bir arg\u00fcmana odaklanmak yerine, feminist y\u00f6ntemin temel tart\u0131\u015fma alanlar\u0131ndan\/kavramlar\u0131ndan herhangi birine odaklanan \u00f6z-d\u00fc\u015f\u00fcn\u00fcmsel bir pratik olarak olu\u015fturulmal\u0131d\u0131r.<\/li>\n\n\n\n<li><strong>Sanat:<\/strong>\u00a0Sanat b\u00f6l\u00fcm\u00fc \u00f6yk\u00fc ile birlikte roman, sergi, foto\u011fraf ve sinema kriti\u011fi kabul eder. Bu b\u00f6l\u00fcme g\u00f6nderilecek yaz\u0131lar i\u00e7in kelime s\u0131n\u0131r\u0131 bulunmamaktad\u0131r. <\/li>\n\n\n\n<li><strong>S\u00f6yle\u015fi:<\/strong>\u00a0Bu b\u00f6l\u00fcme, \u00e7al\u0131\u015fmalar\u0131 derginin temas\u0131na odaklanan herhangi bir ara\u015ft\u0131rmac\u0131 ile ger\u00e7ekle\u015ftirilen g\u00f6r\u00fc\u015fmeler veya birka\u00e7 ara\u015ft\u0131rmac\u0131n\u0131n konuyu birlikte tart\u0131\u015ft\u0131\u011f\u0131 yuvarlak masa g\u00f6r\u00fc\u015fmeleri g\u00f6nderilebilir. S\u00f6yle\u015fi b\u00f6l\u00fcm\u00fc i\u00e7in yaz\u0131 olu\u015fturmadan \u00f6nce Feminist Tahayy\u00fcl ile ileti\u015fime ge\u00e7meniz \u00f6nerilir.<\/li>\n\n\n\n<li><strong>\u00c7eviri:<\/strong>\u00a0Derginin kongre \u00f6zel say\u0131s\u0131 uluslararas\u0131 alanda \u00f6nemli yer edinmi\u015f ve T\u00fcrkiye\u2019deki feminist ara\u015ft\u0131rma g\u00fcndeminde de anlaml\u0131 olaca\u011f\u0131 d\u00fc\u015f\u00fcn\u00fclen \u00e7evirileri yay\u0131nlar. \u00c7evirmek istedi\u011finiz metin ile ilgili Feminist Tahayy\u00fcl ile ileti\u015fime ge\u00e7meniz \u00f6nerilir.<\/li>\n\n\n\n<li><strong>Kitap De\u011ferlendirmesi:\u00a0<\/strong>Derginin temas\u0131 ile ili\u015fkili olan, alanda yeni yay\u0131nlanm\u0131\u015f kitap de\u011ferlendirmelerini i\u00e7eren bu b\u00f6l\u00fcm i\u00e7in yaz\u0131lar\u0131n 1000-1500 kelime aras\u0131 olmas\u0131 gerekir. Bu bol\u00fcmde, ele al\u0131nan kitab\u0131n \u00f6zeti yerine ele\u015ftirel bir de\u011ferlendirmesi beklenmektedir. Bu b\u00f6l\u00fcme yaz\u0131 yazmak isterseniz bizimle ileti\u015fime ge\u00e7iniz.<\/li>\n\n\n\n<li><strong>Tez Tan\u0131t\u0131m\u0131:<\/strong>\u00a0Derginin temas\u0131na ba\u011fl\u0131 olarak, y\u00fcksek lisans ve doktora tezlerinin 500-1000 kelimeyi a\u015fmayacak bir tan\u0131t\u0131m\u0131 bu b\u00f6l\u00fcme g\u00f6nderilebilir.<\/li>\n<\/ol>\n\n\n\n<p>\u0130lgili sorular\u0131n\u0131z\u0131&nbsp;<strong><a href=\"mailto:ftdergi@gmail.com\">ftdergi@gmail.com<\/a><\/strong>&nbsp;adresine iletebilirsiniz. T\u00fcm b\u00f6l\u00fcmler yaz\u0131lar\u0131n format\u0131 ba\u015fl\u0131\u011f\u0131 alt\u0131ndaki kurallara ba\u011fl\u0131 kal\u0131narak haz\u0131rlanm\u0131\u015f metinleri kabul eder.<\/p>\n\n\n\n<h4 class=\"wp-block-heading\" id=\"yazi-gonderimi\"><strong><a href=\"#yazi-gonderimi\">Yaz\u0131 G\u00f6nderimi<\/a><\/strong><\/h4>\n\n\n\n<p>Yaz\u0131lar\u0131n\u0131z\u0131 \u00e7a\u011fr\u0131 metninde belirtilen teslim tarihine kadar <a href=\"https:\/\/www.feministtahayyul.com\/?page_id=801\" target=\"_blank\" rel=\"noreferrer noopener\">Yaz\u0131 Y\u00fckle<\/a> b\u00f6l\u00fcm\u00fcnden teslim edebilirsiniz.<\/p>\n\n\n\n<p>Yaz\u0131n\u0131z\u0131n edit\u00f6rlere ula\u015ft\u0131\u011f\u0131na dair onay e-mailini 3 i\u015f g\u00fcn\u00fc i\u00e7erisinde almazsan\u0131z, l\u00fctfen Feminist Tahayy\u00fcl ile ileti\u015fime ge\u00e7iniz.<\/p>\n\n\n\n<p><strong>Edit\u00f6r De\u011ferlendirmesi (\u00d6n De\u011ferlendirme)<\/strong><\/p>\n\n\n\n<p>Feminist Tahayy\u00fcl kendisine iletilen yaz\u0131lar\u0131 hakem de\u011ferlendirmesine g\u00f6ndermeden \u00f6nce, yaz\u0131lar\u0131n derginin yay\u0131n politikas\u0131na, belirtilen temaya ve istenilen formata uygun olup olmad\u0131\u011f\u0131n\u0131 kontrol eder. Ayr\u0131ca Turnitin program\u0131n\u0131 kullanarak yaz\u0131n\u0131n intihal i\u00e7ermedi\u011finden emin olur.<\/p>\n\n\n\n<p>Daha \u00f6nce ba\u015fka bir yerde yay\u0131nlanm\u0131\u015f ya da yazar\u0131n ba\u015fka bir yaz\u0131s\u0131yla b\u00fcy\u00fck oranda benze\u015fen yaz\u0131lar hakemlik s\u00fcreci i\u00e7in de\u011ferlendirmeye al\u0131nmaz.<\/p>\n\n\n\n<p>Makalelerin \u00f6n de\u011ferlendirmesine dair karar, say\u0131n\u0131n son teslim tarihinden itibaren 15 g\u00fcn i\u00e7inde yazarlara iletilir.<\/p>\n\n\n\n<p><strong>Hakem De\u011ferlendirme S\u00fcreci<\/strong><\/p>\n\n\n\n<p>Dergiye iletilen makaleler, yaz\u0131n\u0131n konusunda yetkin iki farkl\u0131 hakeme y\u00f6nlendirilir. Edit\u00f6rler, hakemlerin yazar\u0131n kim oldu\u011funa dair bilgi sahibi olmad\u0131\u011f\u0131ndan emin olur, yazar\u0131n ad\u0131n\u0131 ve kurum bilgilerini sakl\u0131 tutarlar.<\/p>\n\n\n\n<p>Hakemlere, kendilerine iletilen makaleleri de\u011ferlendirme kriterlerini referans alarak de\u011ferlendirmeleri i\u00e7in 3 hafta s\u00fcre tan\u0131n\u0131r.<\/p>\n\n\n\n<p>Makalenin yay\u0131nlanabilmesi i\u00e7in her iki hakemin de olumlu g\u00f6r\u00fc\u015f bildirmesi gerekir. Hakem raporlar\u0131n\u0131n birbirleriyle \u00e7eli\u015fti\u011fi durumlarda yaz\u0131 editoryal karara ba\u011fl\u0131 olacak \u015fekilde \u00fc\u00e7\u00fcnc\u00fc bir hakeme g\u00f6nderilebilir.<\/p>\n\n\n\n<p><strong>De\u011ferlendirme Kriterleri<\/strong><\/p>\n\n\n\n<p>Feminist Tahayy\u00fcl kendisine iletilen yaz\u0131lar\u0131 derginin yay\u0131n politikas\u0131, yay\u0131n eti\u011fi ve yaz\u0131lar\u0131n format\u0131 ba\u015fl\u0131klar\u0131 alt\u0131nda belirtilen hususlar\u0131n d\u0131\u015f\u0131nda (\u00f6n de\u011ferlendirme), ilgili literat\u00fcre hakimiyet ve katk\u0131lar\u0131, sunduklar\u0131 arg\u00fcmanlar\u0131n analitik g\u00fcc\u00fc ve olu\u015fturulma s\u00fcrecinin \u015feffafl\u0131\u011f\u0131 ekseninde de\u011ferlendirir.<\/p>\n\n\n\n<p>T\u00fcm hakemler de\u011ferlendirme raporlar\u0131n\u0131 ayn\u0131 de\u011ferlendirme formu \u00fczerinden Feminist Tahayy\u00fcl\u2019e iletirler. Hakem de\u011ferlendirmesi sonucunda yazarlar d\u00f6rt farkl\u0131 \u015fekilde bilgilendirilebilir:<\/p>\n\n\n\n<ol class=\"wp-block-list\">\n<li><strong>Kabul Edilmeme:<\/strong>\u00a0Yaz\u0131 edit\u00f6r de\u011ferlendirmesini ge\u00e7mi\u015f olmas\u0131na ra\u011fmen, her iki hakemden ya da \u00fc\u00e7 hakemin ikisinden gelen raporlar sonucunda yaz\u0131n\u0131n g\u00f6nderildi\u011fi haliyle akademik olarak katk\u0131 sa\u011flayabilmesinin m\u00fcmk\u00fcn olmamas\u0131 durumudur.<\/li>\n\n\n\n<li><strong>Yeniden Yaz\u0131m:<\/strong>\u00a0Yaz\u0131n\u0131n temel arg\u00fcman\u0131n\u0131 tam olarak cevaplayamad\u0131\u011f\u0131, y\u00f6ntemsel olarak daha fazla detaya ihtiya\u00e7 duyuldu\u011fu ve\/ya literat\u00fcrle ili\u015fkinin temel bir katk\u0131n\u0131n dahil edilmesinin istendi\u011fi durumlar. Yeniden yaz\u0131lm\u0131\u015f metin tekrar hakemlere g\u00f6nderilir ve de\u011ferlendirme s\u00fcrecine al\u0131n\u0131r.<\/li>\n\n\n\n<li><strong>Ufak De\u011fi\u015fiklikle Kabul Edilme:<\/strong>\u00a0Yaz\u0131n\u0131n arg\u00fcmanlar\u0131n\u0131n g\u00fc\u00e7lendirilmesinin istendi\u011fi durumlar\u0131 kapsar.<\/li>\n\n\n\n<li><strong>Kabul Edilme:\u00a0<\/strong>Her iki hakem de\u011ferlendirmesinin de yaz\u0131n\u0131n de\u011fi\u015fiklik gerektirmeksizin yay\u0131nlanabilece\u011fini belirtti\u011fi durumlara i\u015faret eder.<\/li>\n<\/ol>\n\n\n\n<h4 class=\"wp-block-heading\" id=\"yazilarin-formati\"><strong><a href=\"#yazilarin-formati\">Yaz\u0131lar\u0131n Format\u0131<\/a><\/strong><\/h4>\n\n\n\n<p>Dergiye g\u00f6nderilecek olan yaz\u0131lar\u0131n bi\u00e7imi a\u015fa\u011f\u0131daki tabloda belirtilmi\u015ftir. &nbsp;<\/p>\n\n\n\n<figure class=\"wp-block-table\"><table><tbody><tr><td>Ba\u015fl\u0131k<\/td><td>Times New Roman, ortalanm\u0131\u015f, 14 punto ve bold.<\/td><\/tr><tr><td>Alt Ba\u015fl\u0131klar &nbsp;<\/td><td>Times New Roman, ortalanm\u0131\u015f, 12 punto ve bold.<\/td><\/tr><tr><td>Ana Metin &nbsp;<\/td><td>Times New Roman, iki yana yasl\u0131, 12 punto ve 1,5 sat\u0131r aral\u0131kl\u0131.<\/td><\/tr><tr><td>Metin \u0130\u00e7i Al\u0131nt\u0131<\/td><td>Al\u0131nt\u0131n\u0131n 5 sat\u0131rdan uzun olmas\u0131 durumunda; Times New Roman, 10 punto sa\u011fa yasl\u0131, 1,15 sat\u0131r aral\u0131kl\u0131.<\/td><\/tr><tr><td>Dipnot<\/td><td>Times New Roman, iki yana yasl\u0131, 10 punto ve tek (1.0) sat\u0131r aral\u0131kl\u0131.<\/td><\/tr><tr><td>\u00d6zet<\/td><td>150 kelime, Times New Roman, iki yana yasl\u0131, 12 punto ve 1,5 sat\u0131r aral\u0131kl\u0131, T\u00fcrk\u00e7e ve \u0130ngilizce yaz\u0131lm\u0131\u015f.<\/td><\/tr><tr><td>Anahtar Kelime<\/td><td>\u00d6zeti takiben anahtar kelimeler ibaresiyle birlikte s\u0131ralanm\u0131\u015f 5 anahtar kelime.<\/td><\/tr><tr><td>Tablo<\/td><td>Times New Roman, 11 punto, sol s\u00fctun sola yaslanm\u0131\u015f ve bold, \u00fcst sat\u0131r ortalanm\u0131\u015f ve bold, di\u011fer kutucuklar sola yaslanm\u0131\u015f.<\/td><\/tr><\/tbody><\/table><\/figure>\n\n\n\n<h4 class=\"wp-block-heading\" id=\"kaynakca-gosterimi\"><strong><a href=\"https:\/\/www.feministtahayyul.com\/?page_id=862#kaynakca-gosterimi\">Kaynak\u00e7a G\u00f6sterimi<\/a><\/strong><\/h4>\n\n\n\n<p>Kaynak\u00e7a g\u00f6sterimi Harvard kaynak g\u00f6sterim bi\u00e7imine ba\u011fl\u0131 kal\u0131narak yap\u0131lmal\u0131d\u0131r. Endnote, Mendeley ya da Zotero gibi referans veri tabanlar\u0131 kullan\u0131m\u0131n\u0131 te\u015fvik ediyoruz.<\/p>\n\n\n\n<p><strong>Harvard Stili Kaynak\u00e7a G\u00f6sterimi \u00d6rnekleri<\/strong><\/p>\n\n\n\n<p><strong>Kitap<\/strong><\/p>\n\n\n\n<p>Salzinger, L. (2003)&nbsp;<em>Genders in Production: Making Workers in Mexico\u2019s Global Factories<\/em>. Berkeley: University of California Press.<\/p>\n\n\n\n<p><strong>Derleme Kitap<\/strong><\/p>\n\n\n\n<p>Bora, A. &amp; G\u00fcnal, A. haz. (2002)&nbsp;<em>90\u2019larda T\u00fcrkiye\u2019de Feminizm.&nbsp;<\/em>\u0130stanbul: \u0130leti\u015fim.<\/p>\n\n\n\n<p><strong>Kitap B\u00f6l\u00fcm\u00fc<\/strong><\/p>\n\n\n\n<p>Berik, G. (1996) Understanding the Gender System in Rural Turkey; Fieldwork Dilemmas of Conformity and Intervention. Wolf, D. haz.&nbsp;<em>Feminist Dilemmas in Fieldwork&nbsp;<\/em>i\u00e7inde. Colorado: Westview Press: 56-71.<\/p>\n\n\n\n<p><strong>Elektronik Kitap<\/strong><\/p>\n\n\n\n<p>Zajda, J. I. (2005)&nbsp;<em>International handbook on globalisation, education and policy research global pedagogies and policies.&nbsp;<\/em>[online] Dordrecht: Springer. Eri\u015fim adresi: http:\/\/0\u2010 dx.doi.org.pugwash.lib.warwick.ac.uk\/ 10.1007\/1\u20104020\u20102960\u20108 (Eri\u015fim tarihi: 30 September 2014).<\/p>\n\n\n\n<p>* Link ve eri\u015fim tarihi vermeyi unutmay\u0131n\u0131z.<\/p>\n\n\n\n<p><strong>Makale<\/strong><\/p>\n\n\n\n<p>Ellis, C. (1999) Heartful Autoethnography.&nbsp;<em>Qualitative Health Research,<\/em>&nbsp;9(5): 669-83.<\/p>\n\n\n\n<p>* Elektronik ve bas\u0131l\u0131 makaleler i\u00e7in ayn\u0131 kaynak\u00e7a g\u00f6sterim bi\u00e7imi kullan\u0131labilir.<\/p>\n\n\n\n<p><strong>Rapor<\/strong><\/p>\n\n\n\n<p>Varghese, N. V. (2008)&nbsp;<em>Globalization of higher education and cross<\/em><em>\u2010<\/em><em>border student mobility<\/em>. Paris: United Nations Educational, Scientific and Cultural Organization.<\/p>\n\n\n\n<p>*Raporun yazar\u0131n\u0131n bulunmad\u0131\u011f\u0131 kurumlara ait raporlarda (\u00d6rne\u011fin Tuik raporlar\u0131 gibi) kurumun t\u00fcm ad\u0131 kullan\u0131lmal\u0131, raporun say\u0131s\u0131n\u0131n bulundu\u011fu durumlarda kaynak\u00e7a g\u00f6steriminin sonuna eklenmelidir.<\/p>\n\n\n\n<p><strong>\u0130nternet Sitesi<\/strong><\/p>\n\n\n\n<p>Coughlan, S. (2014)&nbsp;<em>Iran\u2019s students to have US online courses<\/em>. [online] Eri\u015fim adresi: http:\/\/www.bbc.co.uk\/news\/business\u2010 27637817 (Eri\u015fim tarihi:&nbsp; 09 September 2014).<\/p>\n\n\n\n<p>* Yazar isminin bulunmad\u0131\u011f\u0131 durumlarda anonimin k\u0131saltmas\u0131 olarak Anon kullan\u0131lmal\u0131d\u0131r. Direkt al\u0131nt\u0131 yap\u0131lmas\u0131 durumunda sayfa numaras\u0131 yok ise ka\u00e7\u0131nc\u0131 paragraf oldu\u011fu yaz\u0131lmal\u0131d\u0131r.<\/p>\n\n\n\n<p><strong>Harvard Stili Metin \u0130\u00e7i Kaynak G\u00f6sterimi \u00d6rnekleri<\/strong><\/p>\n\n\n\n<p>Direkt al\u0131nt\u0131 yap\u0131lmad\u0131\u011f\u0131 durumlarda,<\/p>\n\n\n\n<p>\u2026\u2026\u2026..(Mutlu, 2018).<\/p>\n\n\n\n<p>Mutlu\u2019ya g\u00f6re (2018) \u2026\u2026.<\/p>\n\n\n\n<p>\u2026\u2026\u2026.. (Mutlu, 2018; Smith, 2009; Y\u0131lmaz, 2008).<\/p>\n\n\n\n<p>\u2026\u2026\u2026\u2026(Mutlu ve Atay, 2007).<\/p>\n\n\n\n<p>\u2026\u2026\u2026\u2026 (Mutlu, Atay ve Tekin, 2015).<\/p>\n\n\n\n<p>\u2026\u2026\u2026\u2026(Mutlu vd., 2013). * \u00dc\u00e7 yazardan fazla durumlarda.<\/p>\n\n\n\n<p>Direkt al\u0131nt\u0131 yap\u0131lmas\u0131 durumunda,<\/p>\n\n\n\n<p>\u201c Al\u0131nt\u0131\u201d (Mutlu, 2009: 23).<\/p>\n\n\n\n<p>Mutlu\u2019nun belirtti\u011fi \u015fekliyle (2009: 23), \u201cAl\u0131nt\u0131\u201d.&nbsp;<\/p>\n\n\n\n<p><strong>Ara\u015ft\u0131rma ve Yay\u0131n Eti\u011fi, A\u00e7\u0131k Eri\u015fim Politikas\u0131<\/strong><\/p>\n\n\n\n<p>Feminist Tahayy\u00fcl COPE&#8217;un <meta charset=\"utf-8\">(Committee on Publication Ethics) y\u00f6nergesini izlemektedir. Buna ek olarak, yazarlar\u0131n \u00e7e\u015fitli sosyal bilimler derneklerinin (ISA, BSA, ASA) etik rehberlerindeki ortakl\u0131klardan ve feminist etik tart\u0131\u015fmalar\u0131ndan yola \u00e7\u0131karak olu\u015fturulan \u201cTelif Haklar\u0131n\u0131n Korunmas\u0131na Dair \u015eartlar ve Etik \u0130lkeler\u201d formunu okuduklar\u0131n\u0131 ve bahsedilen ilkeleri ihlal etmediklerini taahh\u00fct etmeleri beklenmektedir. Yaz\u0131n\u0131n yay\u0131nlanma i\u00e7in kabul edilmesi durumunda yazar(lar) formu imzalar. <\/p>\n\n\n\n<p>Dergi yay\u0131n s\u00fcrecinin hi\u00e7bir k\u0131sm\u0131nda \u00fccret talep etmemektedir.<\/p>\n\n\n\n<p>Feminist Tahayy\u00fcl a\u00e7\u0131k eri\u015fimli bir dergidir (DOAJ&#8217;\u0131n a\u00e7\u0131k eri\u015fim tan\u0131m\u0131 referans al\u0131nm\u0131\u015ft\u0131r). Derginin okurlar\u0131 veya kurumlar dergiye para \u00f6demeden eri\u015febilirler; makalelerin tam metinlerini okuyabilir, indirebilir, da\u011f\u0131tabilir, basabilir ve bu metinlere ba\u011flant\u0131 verebilirler. Dergide yay\u0131mlanan t\u00fcm makalelerden, akademik ilkelere uygun bi\u00e7imde at\u0131fta bulunarak faydalanabilirler. Yaz\u0131lar\u0131 Feminist Tahayy\u00fcl&#8217;de yay\u0131nlanan t\u00fcm yazarlar a\u00e7\u0131k kaynak eri\u015fimini ve Creative Commons lisans\u0131n\u0131n ko\u015fullar\u0131n\u0131 kabul ederler (CC BY). <\/p>\n\n\n\n<p>Feminist Tahayy\u00fcl 2022 y\u0131l\u0131 Kas\u0131m ay\u0131ndan beri <a href=\"https:\/\/www.crossref.org\/\">Crossref<\/a> \u00fcyesidir. Yay\u0131nlanan ara\u015ft\u0131rma makalelerinin kolay eri\u015fimini, al\u0131nt\u0131lanmas\u0131n\u0131, ba\u011flant\u0131 kurulmas\u0131n\u0131, yeniden kullan\u0131m\u0131n\u0131 ve kal\u0131c\u0131l\u0131\u011f\u0131n\u0131 sa\u011flamak ad\u0131na makalelere doi numaras\u0131 vermektedir. Ek olarak, 2022 y\u0131l\u0131ndan itibaren TR Dizin\/ULAKB\u0130M taraf\u0131ndan taranmaktad\u0131r.<\/p>\n\n\n\n<p>Yaz\u0131lar\u0131n, Feminist Tahayy\u00fcl\u2019de yay\u0131nlanmas\u0131na ili\u015fkin etik ilkeler \u015fu \u015fekildedir:<\/p>\n\n\n\n<p><strong>Edit\u00f6rler i\u00e7in:<\/strong><br>\u25cf Edit\u00f6rler Turnitin program\u0131n\u0131 kullan\u0131larak yaz\u0131n\u0131n intihal i\u00e7ermedi\u011fini kesinle\u015ftirir.<br><meta charset=\"utf-8\"><\/meta>\u25cf Feminist Tahayy\u00fcl, kat\u0131l\u0131mc\u0131lar\u0131n bilgisi d\u0131\u015f\u0131nda yap\u0131lm\u0131\u015f, kat\u0131l\u0131mc\u0131ya ara\u015ft\u0131rman\u0131n i\u00e7eri\u011fi ile ilgili yeterli bilgi verilmemi\u015f, kat\u0131l\u0131mc\u0131n\u0131n fiziksel ve ruhsal sa\u011fl\u0131\u011f\u0131 g\u00f6zetilmemi\u015f herhangi bir ara\u015ft\u0131rma makalesini yay\u0131nlamaz.<br>\u25cf Feminist Tahayy\u00fcl kendisine iletilen yaz\u0131lar\u0131 hakem de\u011ferlendirmesine g\u00f6ndermeden \u00f6nce yaz\u0131lar\u0131n derginin yay\u0131n politikas\u0131na, belirtilen temaya, istenilen formata, etik ilkelere uygun olup olmad\u0131\u011f\u0131n\u0131 kontrol eder ve cinsiyet\u00e7i, \u0131rk\u00e7\u0131, \u00f6tekile\u015ftirici herhangi bir ifade i\u00e7ermedi\u011finden emin olur.<br>\u25cf Daha \u00f6nce ba\u015fka bir yerde yay\u0131nlanm\u0131\u015f ya da yazar\u0131n ba\u015fka bir yaz\u0131s\u0131yla b\u00fcy\u00fck oranda benze\u015fen yaz\u0131lar hakemlik s\u00fcreci i\u00e7in de\u011ferlendirmeye al\u0131nmaz.<br>\u25cf \u00d6n de\u011ferlendirme s\u00fcrecinden ge\u00e7en metinler, yaz\u0131n\u0131n konusunda yetkin iki farkl\u0131 hakeme y\u00f6nlendirilir. Edit\u00f6rler, hakemlerin yazar\u0131n kim oldu\u011funa dair bilgi sahibi olmad\u0131\u011f\u0131ndan emin olur, yazar\u0131n ad\u0131n\u0131 ve kurum bilgilerini sakl\u0131 tutarlar. Ayr\u0131ca hakemlerin kimli\u011fi yazarlarla payla\u015f\u0131lmaz.<\/p>\n\n\n\n<p><br><strong>Yazarlar i\u00e7in:<\/strong><br>\u25cf Yazarlar \u00f6ncelikle dergiye g\u00f6nderecekleri yaz\u0131n\u0131n t\u00fcr\u00fc ile ilgili spesifik kriterleri derginin websitesinden kontrol etmelidirler.<br>\u25cf Daha sonra ilgili say\u0131n\u0131n \u00e7a\u011fr\u0131 metninde belirtilen teslim tarihine kadar <a href=\"https:\/\/www.feministtahayyul.com\/?page_id=801\">Yaz\u0131 Y\u00fckle<\/a> b\u00f6l\u00fcm\u00fcnden yaz\u0131lar teslim edilebilir.<br><meta charset=\"utf-8\"><\/meta>\u25cf TR D\u0130Z\u0130N taraf\u0131ndan al\u0131nan karar gere\u011fince, ampirik saha \u00e7al\u0131\u015fmas\u0131na dayanarak olu\u015fturulmu\u015f olan (anket, m\u00fclakat, odak grup \u00e7al\u0131\u015fmas\u0131, g\u00f6zlem, deney, g\u00f6r\u00fc\u015fme tekniklerinin kullan\u0131ld\u0131\u011f\u0131 durumlar) yaz\u0131lar ilgili etik kurul onay\u0131n\u0131 yetkili merciden ald\u0131klar\u0131n\u0131 ifade etmeli ve belgelendirmelidir. 2020 y\u0131l\u0131 \u00f6ncesinde yap\u0131lan bir ara\u015ft\u0131rman\u0131n verilerini kullanan \u00e7al\u0131\u015fmalarda etik kurul onay\u0131 gerekmemektedir.<br><meta charset=\"utf-8\"><\/meta>\u25cf Dergi, kullan\u0131m izni al\u0131nmam\u0131\u015f herhangi bir g\u00f6rseli (foto\u011fraf, resim, tablo gibi) basmaz, intihal i\u00e7eren yaz\u0131lar\u0131 yay\u0131nlamaz ve ilgili etik kurul onay\u0131 al\u0131nd\u0131\u011f\u0131n\u0131 kan\u0131tlamas\u0131 gereken, saha \u00e7al\u0131\u015fmas\u0131 i\u00e7eren yaz\u0131lar\u0131n bu onay\u0131 i\u00e7ermesini bekler.<br><br><\/p>\n\n\n\n<p><strong>Hakemler i\u00e7in:<\/strong><br>\u25cf Hakemlere, kendilerine iletilen yaz\u0131lar\u0131 ilgili literat\u00fcre hakimiyet ve katk\u0131lar\u0131, sunduklar\u0131 arg\u00fcmanlar\u0131n analitik g\u00fcc\u00fc ve metinlerin olu\u015fturulma s\u00fcrecinin \u015feffafl\u0131\u011f\u0131 ekseninde de\u011ferlendirmeleri i\u00e7in 6 hafta s\u00fcre tan\u0131n\u0131r. Hakemlerin, de\u011ferlendirmelerinde te\u015fvik edici bir dil kullanmalar\u0131 beklenmektedir.<br>\u25cf Hakemler de\u011ferlendirme raporunun gizlili\u011fini korumak ile m\u00fckelleftir. Makalede etik ihlal ya da telif hakk\u0131 ihlali tespit edilmesi durumunda edit\u00f6r\u00fc bilgilendirmelidir. Hakemler, kendilerine iletilen metne ili\u015fkin g\u00f6r\u00fc\u015flerinde yanl\u0131l\u0131k yaratabilecek herhangi bir \u00e7\u0131kar \u00e7at\u0131\u015fmas\u0131 oldu\u011funu d\u00fc\u015f\u00fcnd\u00fckleri takdirde edit\u00f6rler ile ileti\u015fime ge\u00e7erek yaz\u0131y\u0131 incelemekten vazge\u00e7melidirler.<br>\u25cf Yaz\u0131n\u0131n yay\u0131nlanabilmesi i\u00e7in her iki hakemin de olumlu g\u00f6r\u00fc\u015f bildirmesi gerekir. Hakem raporlar\u0131n\u0131n birbirleriyle \u00e7eli\u015fti\u011fi durumlarda edit\u00f6r\u00fcn g\u00f6r\u00fc\u015f\u00fcne ba\u015fvurulur.<\/p>\n\n\n\n<p><strong>Etik Politika<\/strong><\/p>\n\n\n\n<div class=\"wp-block-buttons is-layout-flex wp-block-buttons-is-layout-flex\">\n<div class=\"wp-block-button\"><a class=\"wp-block-button__link wp-element-button\" href=\"https:\/\/www.feministtahayyul.com\/wp-content\/uploads\/2023\/01\/TELI\u0307F-HAKLARININ-KORUNMASINA-DAI\u0307R-S\u0327ARTLAR-ve-ETI\u0307K-I\u0307LKELER_17Ocak2023.pdf\" target=\"_blank\" rel=\"noreferrer noopener\">\u0130ndir<\/a><\/div>\n<\/div>\n","protected":false},"excerpt":{"rendered":"<p>Yay\u0131n Politikas\u0131 Yaz\u0131 T\u00fcrleri Feminist Tahayy\u00fcl\u2019e makale, ara\u015ft\u0131rma notu, sanat, kitap de\u011ferlendirmesi ve tez tan\u0131t\u0131m\u0131 kategorilerine yaz\u0131lar\u0131n\u0131z\u0131 g\u00f6nderebilirsiniz. \u0130lgili sorular\u0131n\u0131z\u0131&nbsp;ftdergi@gmail.com&nbsp;adresine iletebilirsiniz. T\u00fcm b\u00f6l\u00fcmler yaz\u0131lar\u0131n format\u0131 &hellip; <\/p>\n","protected":false},"author":1,"featured_media":0,"parent":0,"menu_order":4,"comment_status":"closed","ping_status":"closed","template":"","meta":{"footnotes":""},"class_list":["post-862","page","type-page","status-publish","hentry"],"jetpack_sharing_enabled":true,"_links":{"self":[{"href":"https:\/\/www.feministtahayyul.com\/index.php?rest_route=\/wp\/v2\/pages\/862","targetHints":{"allow":["GET"]}}],"collection":[{"href":"https:\/\/www.feministtahayyul.com\/index.php?rest_route=\/wp\/v2\/pages"}],"about":[{"href":"https:\/\/www.feministtahayyul.com\/index.php?rest_route=\/wp\/v2\/types\/page"}],"author":[{"embeddable":true,"href":"https:\/\/www.feministtahayyul.com\/index.php?rest_route=\/wp\/v2\/users\/1"}],"replies":[{"embeddable":true,"href":"https:\/\/www.feministtahayyul.com\/index.php?rest_route=%2Fwp%2Fv2%2Fcomments&post=862"}],"version-history":[{"count":51,"href":"https:\/\/www.feministtahayyul.com\/index.php?rest_route=\/wp\/v2\/pages\/862\/revisions"}],"predecessor-version":[{"id":3067,"href":"https:\/\/www.feministtahayyul.com\/index.php?rest_route=\/wp\/v2\/pages\/862\/revisions\/3067"}],"wp:attachment":[{"href":"https:\/\/www.feministtahayyul.com\/index.php?rest_route=%2Fwp%2Fv2%2Fmedia&parent=862"}],"curies":[{"name":"wp","href":"https:\/\/api.w.org\/{rel}","templated":true}]}}