{"id":1700,"date":"2021-02-27T11:34:05","date_gmt":"2021-02-27T11:34:05","guid":{"rendered":"https:\/\/www.feministtahayyul.com\/?page_id=1700"},"modified":"2021-02-27T12:52:41","modified_gmt":"2021-02-27T12:52:41","slug":"005-2","status":"publish","type":"page","link":"https:\/\/www.feministtahayyul.com\/?page_id=1700","title":{"rendered":"005.Feminist S\u0131n\u0131fta Pedagojik Tahayy\u00fcl"},"content":{"rendered":"<a href=\"https:\/\/www.feministtahayyul.com\/wp-content\/uploads\/2021\/02\/ft3_05.pdf\" class=\"pdfemb-viewer\" style=\"\" data-width=\"max\" data-height=\"max\" data-toolbar=\"bottom\" data-toolbar-fixed=\"on\">ft3_05<\/a>\n<p class=\"wp-block-pdfemb-pdf-embedder-viewer\"><\/p>\n\n\n\n<div class=\"wp-block-buttons is-layout-flex wp-block-buttons-is-layout-flex\">\n<div class=\"wp-block-button\"><a class=\"wp-block-button__link\" href=\"https:\/\/www.feministtahayyul.com\/wp-content\/uploads\/2021\/02\/ft3_05.pdf\" target=\"_blank\" rel=\"noreferrer noopener\">indir<\/a><\/div>\n<\/div>\n","protected":false},"excerpt":{"rendered":"","protected":false},"author":1,"featured_media":0,"parent":1668,"menu_order":0,"comment_status":"closed","ping_status":"closed","template":"","meta":{"footnotes":""},"class_list":["post-1700","page","type-page","status-publish","hentry"],"jetpack_sharing_enabled":true,"_links":{"self":[{"href":"https:\/\/www.feministtahayyul.com\/index.php?rest_route=\/wp\/v2\/pages\/1700","targetHints":{"allow":["GET"]}}],"collection":[{"href":"https:\/\/www.feministtahayyul.com\/index.php?rest_route=\/wp\/v2\/pages"}],"about":[{"href":"https:\/\/www.feministtahayyul.com\/index.php?rest_route=\/wp\/v2\/types\/page"}],"author":[{"embeddable":true,"href":"https:\/\/www.feministtahayyul.com\/index.php?rest_route=\/wp\/v2\/users\/1"}],"replies":[{"embeddable":true,"href":"https:\/\/www.feministtahayyul.com\/index.php?rest_route=%2Fwp%2Fv2%2Fcomments&post=1700"}],"version-history":[{"count":8,"href":"https:\/\/www.feministtahayyul.com\/index.php?rest_route=\/wp\/v2\/pages\/1700\/revisions"}],"predecessor-version":[{"id":1808,"href":"https:\/\/www.feministtahayyul.com\/index.php?rest_route=\/wp\/v2\/pages\/1700\/revisions\/1808"}],"up":[{"embeddable":true,"href":"https:\/\/www.feministtahayyul.com\/index.php?rest_route=\/wp\/v2\/pages\/1668"}],"wp:attachment":[{"href":"https:\/\/www.feministtahayyul.com\/index.php?rest_route=%2Fwp%2Fv2%2Fmedia&parent=1700"}],"curies":[{"name":"wp","href":"https:\/\/api.w.org\/{rel}","templated":true}]}}