{"id":2290,"date":"2022-02-27T15:59:23","date_gmt":"2022-02-27T15:59:23","guid":{"rendered":"https:\/\/www.feministtahayyul.com\/?page_id=2290"},"modified":"2022-02-27T16:26:40","modified_gmt":"2022-02-27T16:26:40","slug":"007-yasayan-beden-transfeminizm-ve-performans-kubra-uzun-ile-soylesi","status":"publish","type":"page","link":"https:\/\/www.feministtahayyul.com\/?page_id=2290","title":{"rendered":"007.Ya\u015fayan Beden, Transfeminizm ve Performans: K\u00fcbra Uzun ile S\u00f6yle\u015fi"},"content":{"rendered":"<a href=\"https:\/\/www.feministtahayyul.com\/wp-content\/uploads\/2022\/02\/FT31_7.pdf\" class=\"pdfemb-viewer\" style=\"\" data-width=\"max\" data-height=\"max\" data-toolbar=\"bottom\" data-toolbar-fixed=\"on\">FT31_7<\/a>\n<p class=\"wp-block-pdfemb-pdf-embedder-viewer\"><\/p>\n\n\n\n<div class=\"wp-block-buttons is-layout-flex wp-block-buttons-is-layout-flex\">\n<div class=\"wp-block-button\"><a class=\"wp-block-button__link\" href=\"https:\/\/www.feministtahayyul.com\/wp-content\/uploads\/2022\/02\/FT31_7.pdf\" target=\"_blank\" rel=\"noreferrer noopener\">indir<\/a><\/div>\n<\/div>\n","protected":false},"excerpt":{"rendered":"","protected":false},"author":1,"featured_media":0,"parent":2256,"menu_order":7,"comment_status":"closed","ping_status":"closed","template":"","meta":{"footnotes":""},"class_list":["post-2290","page","type-page","status-publish","hentry"],"jetpack_sharing_enabled":true,"_links":{"self":[{"href":"https:\/\/www.feministtahayyul.com\/index.php?rest_route=\/wp\/v2\/pages\/2290","targetHints":{"allow":["GET"]}}],"collection":[{"href":"https:\/\/www.feministtahayyul.com\/index.php?rest_route=\/wp\/v2\/pages"}],"about":[{"href":"https:\/\/www.feministtahayyul.com\/index.php?rest_route=\/wp\/v2\/types\/page"}],"author":[{"embeddable":true,"href":"https:\/\/www.feministtahayyul.com\/index.php?rest_route=\/wp\/v2\/users\/1"}],"replies":[{"embeddable":true,"href":"https:\/\/www.feministtahayyul.com\/index.php?rest_route=%2Fwp%2Fv2%2Fcomments&post=2290"}],"version-history":[{"count":2,"href":"https:\/\/www.feministtahayyul.com\/index.php?rest_route=\/wp\/v2\/pages\/2290\/revisions"}],"predecessor-version":[{"id":2312,"href":"https:\/\/www.feministtahayyul.com\/index.php?rest_route=\/wp\/v2\/pages\/2290\/revisions\/2312"}],"up":[{"embeddable":true,"href":"https:\/\/www.feministtahayyul.com\/index.php?rest_route=\/wp\/v2\/pages\/2256"}],"wp:attachment":[{"href":"https:\/\/www.feministtahayyul.com\/index.php?rest_route=%2Fwp%2Fv2%2Fmedia&parent=2290"}],"curies":[{"name":"wp","href":"https:\/\/api.w.org\/{rel}","templated":true}]}}