{"id":2371,"date":"2022-08-29T11:11:36","date_gmt":"2022-08-29T11:11:36","guid":{"rendered":"https:\/\/www.feministtahayyul.com\/?page_id=2371"},"modified":"2022-08-31T15:16:55","modified_gmt":"2022-08-31T15:16:55","slug":"7-umumi-kitap-ile-soylesi-queer-feminist-yayincilik-uzerine","status":"publish","type":"page","link":"https:\/\/www.feministtahayyul.com\/?page_id=2371","title":{"rendered":"7. Umami Kitap ile S\u00f6yle\u015fi: Queer Feminist Yay\u0131nc\u0131l\u0131k \u00dczerine"},"content":{"rendered":"<a href=\"https:\/\/www.feministtahayyul.com\/wp-content\/uploads\/2022\/08\/F32-121-129.pdf\" class=\"pdfemb-viewer\" style=\"\" data-width=\"max\" data-height=\"max\" data-toolbar=\"bottom\" data-toolbar-fixed=\"on\">F32-121-129<\/a>\n<p class=\"wp-block-pdfemb-pdf-embedder-viewer\"><\/p>\n\n\n\n<div class=\"wp-block-buttons is-layout-flex wp-block-buttons-is-layout-flex\">\n<div class=\"wp-block-button\"><a class=\"wp-block-button__link\" href=\"https:\/\/www.feministtahayyul.com\/wp-content\/uploads\/2022\/08\/F32-121-129.pdf\" target=\"_blank\" rel=\"noreferrer noopener\">\u0130ndir<\/a><\/div>\n<\/div>\n","protected":false},"excerpt":{"rendered":"","protected":false},"author":1,"featured_media":0,"parent":2325,"menu_order":7,"comment_status":"closed","ping_status":"closed","template":"","meta":{"footnotes":""},"class_list":["post-2371","page","type-page","status-publish","hentry"],"jetpack_sharing_enabled":true,"_links":{"self":[{"href":"https:\/\/www.feministtahayyul.com\/index.php?rest_route=\/wp\/v2\/pages\/2371","targetHints":{"allow":["GET"]}}],"collection":[{"href":"https:\/\/www.feministtahayyul.com\/index.php?rest_route=\/wp\/v2\/pages"}],"about":[{"href":"https:\/\/www.feministtahayyul.com\/index.php?rest_route=\/wp\/v2\/types\/page"}],"author":[{"embeddable":true,"href":"https:\/\/www.feministtahayyul.com\/index.php?rest_route=\/wp\/v2\/users\/1"}],"replies":[{"embeddable":true,"href":"https:\/\/www.feministtahayyul.com\/index.php?rest_route=%2Fwp%2Fv2%2Fcomments&post=2371"}],"version-history":[{"count":2,"href":"https:\/\/www.feministtahayyul.com\/index.php?rest_route=\/wp\/v2\/pages\/2371\/revisions"}],"predecessor-version":[{"id":2402,"href":"https:\/\/www.feministtahayyul.com\/index.php?rest_route=\/wp\/v2\/pages\/2371\/revisions\/2402"}],"up":[{"embeddable":true,"href":"https:\/\/www.feministtahayyul.com\/index.php?rest_route=\/wp\/v2\/pages\/2325"}],"wp:attachment":[{"href":"https:\/\/www.feministtahayyul.com\/index.php?rest_route=%2Fwp%2Fv2%2Fmedia&parent=2371"}],"curies":[{"name":"wp","href":"https:\/\/api.w.org\/{rel}","templated":true}]}}