{"id":2526,"date":"2023-02-27T15:52:02","date_gmt":"2023-02-27T15:52:02","guid":{"rendered":"https:\/\/www.feministtahayyul.com\/?page_id=2526"},"modified":"2023-02-27T15:52:05","modified_gmt":"2023-02-27T15:52:05","slug":"11-unutulmaya-yuz-tutmus-bir-arsivde-bulusmak-ve-ortaklasmak","status":"publish","type":"page","link":"https:\/\/www.feministtahayyul.com\/?page_id=2526","title":{"rendered":"11.Unutulmaya Y\u00fcz Tutmu\u015f Bir Ar\u015fivde Bulu\u015fmak ve Ortakla\u015fmak"},"content":{"rendered":"<a href=\"https:\/\/www.feministtahayyul.com\/wp-content\/uploads\/2023\/02\/FT41_10.Sanat_.pdf\" class=\"pdfemb-viewer\" style=\"\" data-width=\"max\" data-height=\"max\" data-toolbar=\"bottom\" data-toolbar-fixed=\"on\">FT41_10.Sanat_<\/a>\n<p class=\"wp-block-pdfemb-pdf-embedder-viewer\"><\/p>\n\n\n\n<div class=\"wp-block-buttons is-layout-flex wp-block-buttons-is-layout-flex\">\n<div class=\"wp-block-button\"><a class=\"wp-block-button__link\" href=\"https:\/\/www.feministtahayyul.com\/wp-content\/uploads\/2023\/02\/FT41_10.Sanat_.pdf\" target=\"_blank\" rel=\"noreferrer noopener\">\u0130ndir<\/a><\/div>\n<\/div>\n","protected":false},"excerpt":{"rendered":"","protected":false},"author":1,"featured_media":0,"parent":2466,"menu_order":11,"comment_status":"closed","ping_status":"closed","template":"","meta":{"footnotes":""},"class_list":["post-2526","page","type-page","status-publish","hentry"],"jetpack_sharing_enabled":true,"_links":{"self":[{"href":"https:\/\/www.feministtahayyul.com\/index.php?rest_route=\/wp\/v2\/pages\/2526","targetHints":{"allow":["GET"]}}],"collection":[{"href":"https:\/\/www.feministtahayyul.com\/index.php?rest_route=\/wp\/v2\/pages"}],"about":[{"href":"https:\/\/www.feministtahayyul.com\/index.php?rest_route=\/wp\/v2\/types\/page"}],"author":[{"embeddable":true,"href":"https:\/\/www.feministtahayyul.com\/index.php?rest_route=\/wp\/v2\/users\/1"}],"replies":[{"embeddable":true,"href":"https:\/\/www.feministtahayyul.com\/index.php?rest_route=%2Fwp%2Fv2%2Fcomments&post=2526"}],"version-history":[{"count":1,"href":"https:\/\/www.feministtahayyul.com\/index.php?rest_route=\/wp\/v2\/pages\/2526\/revisions"}],"predecessor-version":[{"id":2527,"href":"https:\/\/www.feministtahayyul.com\/index.php?rest_route=\/wp\/v2\/pages\/2526\/revisions\/2527"}],"up":[{"embeddable":true,"href":"https:\/\/www.feministtahayyul.com\/index.php?rest_route=\/wp\/v2\/pages\/2466"}],"wp:attachment":[{"href":"https:\/\/www.feministtahayyul.com\/index.php?rest_route=%2Fwp%2Fv2%2Fmedia&parent=2526"}],"curies":[{"name":"wp","href":"https:\/\/api.w.org\/{rel}","templated":true}]}}